{"id":60,"date":"2025-09-17T20:12:02","date_gmt":"2025-09-17T20:12:02","guid":{"rendered":"https:\/\/repnavpy.com.py\/?page_id=60"},"modified":"2025-11-14T11:50:20","modified_gmt":"2025-11-14T14:50:20","slug":"servicios","status":"publish","type":"page","link":"https:\/\/repnavpy.com.py\/index.php\/servicios\/","title":{"rendered":"Servicios"},"content":{"rendered":"\n<div class=\"wp-block-cover alignfull wp-duotone-rgb166173240-rgb202216244-1\" style=\"margin-top:0;padding-top:4vw;padding-right:4vw;padding-bottom:4vw;padding-left:4vw;min-height:359px;aspect-ratio:unset;\"><img decoding=\"async\" class=\"wp-block-cover__image-background wp-image-334\" alt=\"\" src=\"https:\/\/pd.w.org\/2022\/01\/2661f82cd1ba9172.16386413.jpg\" style=\"object-position:50% 51%\" data-object-fit=\"cover\" data-object-position=\"50% 51%\"\/><span aria-hidden=\"true\" class=\"wp-block-cover__background has-theme-palette-7-background-color has-background-dim-90 has-background-dim\"><\/span><div class=\"wp-block-cover__inner-container is-layout-flow wp-block-cover-is-layout-flow\">\n<h1 class=\"wp-block-heading has-text-align-center has-theme-palette-1-color has-text-color has-link-color wp-elements-a642464ffdbdde920f0c0d4ed5db6c7b\" style=\"font-size:65px\"><strong>Servicios Integrales de Reparaci\u00f3n Naval<\/strong><\/h1>\n<\/div><\/div>\n\n\n\n<h2 class=\"wp-block-heading has-text-align-center has-theme-palette-4-color has-text-color has-link-color wp-elements-e8b6252d784b2840702a8d439f677202\"><strong>En REPNAVPY combinamos infraestructura de primer nivel con personal t\u00e9cnico certificado para ofrecer soluciones de alta calidad, garantizando la m\u00e1xima operatividad y durabilidad de sus activos navales.<\/strong><\/h2>\n\n\n\n<p><\/p>\n\n\n\n<hr class=\"wp-block-separator aligncenter has-text-color has-theme-palette-2-color has-alpha-channel-opacity has-theme-palette-2-background-color has-background is-style-default\" style=\"margin-top:var(--wp--preset--spacing--30);margin-bottom:var(--wp--preset--spacing--30)\"\/>\n\n\n\n<p><\/p>\n\n\n\n<div class=\"wp-block-columns is-layout-flex wp-container-core-columns-is-layout-9d6595d7 wp-block-columns-is-layout-flex\">\n<div class=\"wp-block-column is-vertically-aligned-center is-layout-flow wp-block-column-is-layout-flow\"><div class=\"wp-block-image\">\n<figure class=\"aligncenter size-full is-resized\"><img loading=\"lazy\" decoding=\"async\" width=\"853\" height=\"853\" src=\"https:\/\/repnavpy.com.py\/wp-content\/uploads\/2025\/11\/Imagen-de-WhatsApp-2025-11-14-a-las-11.27.38_e64a7a41-edited.jpg\" alt=\"\" class=\"wp-image-285\" style=\"width:400px\" srcset=\"https:\/\/repnavpy.com.py\/wp-content\/uploads\/2025\/11\/Imagen-de-WhatsApp-2025-11-14-a-las-11.27.38_e64a7a41-edited.jpg 853w, https:\/\/repnavpy.com.py\/wp-content\/uploads\/2025\/11\/Imagen-de-WhatsApp-2025-11-14-a-las-11.27.38_e64a7a41-edited-300x300.jpg 300w, https:\/\/repnavpy.com.py\/wp-content\/uploads\/2025\/11\/Imagen-de-WhatsApp-2025-11-14-a-las-11.27.38_e64a7a41-edited-150x150.jpg 150w, https:\/\/repnavpy.com.py\/wp-content\/uploads\/2025\/11\/Imagen-de-WhatsApp-2025-11-14-a-las-11.27.38_e64a7a41-edited-768x768.jpg 768w\" sizes=\"auto, (max-width: 853px) 100vw, 853px\" \/><\/figure>\n<\/div><\/div>\n\n\n\n<div class=\"wp-block-column is-vertically-aligned-center is-layout-flow wp-block-column-is-layout-flow\">\n<h1 class=\"wp-block-heading has-theme-palette-1-color has-text-color has-link-color wp-elements-e4f73eabf032a2e1bf57b678543ce7d8\"><strong>Reparaci\u00f3n y Mantenimiento<\/strong><\/h1>\n\n\n\n<p class=\"has-medium-font-size\"><strong>Ofrecemos un servicio completo que incluye trabajos de calderer\u00eda, soldadura y mantenimiento de cascos con personal calificado. Adem\u00e1s, realizamos la reparaci\u00f3n y mantenimiento de tapas de Fibra de Vidrio.<\/strong><\/p>\n<\/div>\n<\/div>\n\n\n\n<div class=\"wp-block-columns are-vertically-aligned-center is-layout-flex wp-container-core-columns-is-layout-9d6595d7 wp-block-columns-is-layout-flex\">\n<div class=\"wp-block-column is-vertically-aligned-center is-layout-flow wp-block-column-is-layout-flow\">\n<h2 class=\"wp-block-heading has-theme-palette-1-color has-text-color has-link-color has-large-font-size wp-elements-c25f26a422cbe7b71f2498a5ec6f4d75\"><strong>Tratamiento de Superficies<\/strong><\/h2>\n\n\n\n<p class=\"has-medium-font-size\"><strong>Proveemos servicios de arenado y pintura de alta performance, utilizando materiales de primera para garantizar la m\u00e1xima protecci\u00f3n contra la corrosi\u00f3n y extender la vida \u00fatil de sus activos. <\/strong><\/p>\n<\/div>\n\n\n\n<div class=\"wp-block-column is-vertically-aligned-center is-layout-flow wp-block-column-is-layout-flow\"><div class=\"wp-block-image\">\n<figure class=\"aligncenter size-full is-resized\"><img loading=\"lazy\" decoding=\"async\" width=\"232\" height=\"232\" src=\"https:\/\/repnavpy.com.py\/wp-content\/uploads\/2025\/11\/image-1-edited-1.png\" alt=\"\" class=\"wp-image-291\" style=\"width:400px;height:auto\" srcset=\"https:\/\/repnavpy.com.py\/wp-content\/uploads\/2025\/11\/image-1-edited-1.png 232w, https:\/\/repnavpy.com.py\/wp-content\/uploads\/2025\/11\/image-1-edited-1-150x150.png 150w\" sizes=\"auto, (max-width: 232px) 100vw, 232px\" \/><\/figure>\n<\/div><\/div>\n<\/div>\n\n\n\n<div class=\"wp-block-columns is-layout-flex wp-container-core-columns-is-layout-9d6595d7 wp-block-columns-is-layout-flex\">\n<div class=\"wp-block-column is-vertically-aligned-center is-layout-flow wp-block-column-is-layout-flow\"><div class=\"wp-block-image\">\n<figure class=\"aligncenter size-full is-resized\"><img loading=\"lazy\" decoding=\"async\" width=\"853\" height=\"853\" src=\"https:\/\/repnavpy.com.py\/wp-content\/uploads\/2025\/11\/Imagen-de-WhatsApp-2025-11-14-a-las-11.09.37_a25a0ac5-edited.jpg\" alt=\"\" class=\"wp-image-282\" style=\"width:400px\" srcset=\"https:\/\/repnavpy.com.py\/wp-content\/uploads\/2025\/11\/Imagen-de-WhatsApp-2025-11-14-a-las-11.09.37_a25a0ac5-edited.jpg 853w, https:\/\/repnavpy.com.py\/wp-content\/uploads\/2025\/11\/Imagen-de-WhatsApp-2025-11-14-a-las-11.09.37_a25a0ac5-edited-300x300.jpg 300w, https:\/\/repnavpy.com.py\/wp-content\/uploads\/2025\/11\/Imagen-de-WhatsApp-2025-11-14-a-las-11.09.37_a25a0ac5-edited-150x150.jpg 150w, https:\/\/repnavpy.com.py\/wp-content\/uploads\/2025\/11\/Imagen-de-WhatsApp-2025-11-14-a-las-11.09.37_a25a0ac5-edited-768x768.jpg 768w\" sizes=\"auto, (max-width: 853px) 100vw, 853px\" \/><\/figure>\n<\/div><\/div>\n\n\n\n<div class=\"wp-block-column is-vertically-aligned-center is-layout-flow wp-block-column-is-layout-flow\">\n<h1 class=\"wp-block-heading has-theme-palette-1-color has-text-color has-link-color wp-elements-6359007aeea9895c820c9817f741e630\"><strong>Mec\u00e1nica y Propulsi\u00f3n<\/strong><\/h1>\n\n\n\n<p class=\"has-medium-font-size\"><strong>Ofrecemos mantenimiento y reparaci\u00f3n de l\u00edneas de eje, sistemas de gobierno, h\u00e9lices y mec\u00e1nica naval general para asegurar la m\u00e1xima eficiencia y confiabilidad de su embarcaci\u00f3n.<\/strong> <\/p>\n<\/div>\n<\/div>\n\n\n\n<div class=\"wp-block-cover alignfull wp-duotone-rgb3643151-rgb61136255-2\" style=\"margin-top:0;padding-top:4vw;padding-right:4vw;padding-bottom:4vw;padding-left:4vw;min-height:649px;aspect-ratio:unset;\"><img decoding=\"async\" class=\"wp-block-cover__image-background wp-image-334\" alt=\"\" src=\"https:\/\/pd.w.org\/2022\/01\/2661f82cd1ba9172.16386413.jpg\" style=\"object-position:50% 51%\" data-object-fit=\"cover\" data-object-position=\"50% 51%\"\/><span aria-hidden=\"true\" class=\"wp-block-cover__background has-background-dim-90 has-background-dim\" style=\"background-color:#2c3066\"><\/span><div class=\"wp-block-cover__inner-container is-layout-flow wp-block-cover-is-layout-flow\">\n<div class=\"wp-block-group\"><div class=\"wp-block-group__inner-container is-layout-flow wp-block-group-is-layout-flow\">\n<p class=\"has-text-align-center has-text-color\" style=\"color:#ffb23d;font-size:80px\"><mark style=\"background-color:rgba(0, 0, 0, 0)\" class=\"has-inline-color has-theme-palette-7-color\"><strong>\u00bfListo para optimizar el rendimiento de su flota?<\/strong><\/mark><\/p>\n<\/div><\/div>\n\n\n\n<p><\/p>\n\n\n\n<div class=\"wp-block-group\"><div class=\"wp-block-group__inner-container is-layout-flow wp-block-group-is-layout-flow\">\n<div class=\"wp-block-buttons is-content-justification-center is-layout-flex wp-container-core-buttons-is-layout-16018d1d wp-block-buttons-is-layout-flex\">\n<div class=\"wp-block-button\"><a class=\"wp-block-button__link has-theme-palette-7-color has-text-color has-background has-custom-font-size wp-element-button\" href=\"https:\/\/repnavpy.com.py\/index.php\/contacto\/\" style=\"background-color:#f16c00;padding-top:32px;padding-right:48px;padding-bottom:32px;padding-left:48px;font-size:30px;font-style:normal;font-weight:800;letter-spacing:1px;text-transform:uppercase\">solicitar cotizacion<\/a><\/div>\n<\/div>\n<\/div><\/div>\n<\/div><\/div>\n","protected":false},"excerpt":{"rendered":"<p>En REPNAVPY combinamos infraestructura de primer nivel con personal t\u00e9cnico certificado para ofrecer soluciones de alta calidad, garantizando la m\u00e1xima operatividad y durabilidad de sus activos navales. Reparaci\u00f3n y Mantenimiento Ofrecemos un servicio completo que incluye trabajos de calderer\u00eda, soldadura y mantenimiento de cascos con personal calificado. Adem\u00e1s, realizamos la reparaci\u00f3n y mantenimiento de tapas&#8230;<\/p>\n","protected":false},"author":1,"featured_media":0,"parent":0,"menu_order":0,"comment_status":"closed","ping_status":"closed","template":"","meta":{"_kadence_starter_templates_imported_post":false,"_kad_post_transparent":"default","_kad_post_title":"default","_kad_post_layout":"default","_kad_post_sidebar_id":"","_kad_post_content_style":"default","_kad_post_vertical_padding":"default","_kad_post_feature":"","_kad_post_feature_position":"","_kad_post_header":false,"_kad_post_footer":false,"footnotes":""},"class_list":["post-60","page","type-page","status-publish","hentry"],"_links":{"self":[{"href":"https:\/\/repnavpy.com.py\/index.php\/wp-json\/wp\/v2\/pages\/60","targetHints":{"allow":["GET"]}}],"collection":[{"href":"https:\/\/repnavpy.com.py\/index.php\/wp-json\/wp\/v2\/pages"}],"about":[{"href":"https:\/\/repnavpy.com.py\/index.php\/wp-json\/wp\/v2\/types\/page"}],"author":[{"embeddable":true,"href":"https:\/\/repnavpy.com.py\/index.php\/wp-json\/wp\/v2\/users\/1"}],"replies":[{"embeddable":true,"href":"https:\/\/repnavpy.com.py\/index.php\/wp-json\/wp\/v2\/comments?post=60"}],"version-history":[{"count":15,"href":"https:\/\/repnavpy.com.py\/index.php\/wp-json\/wp\/v2\/pages\/60\/revisions"}],"predecessor-version":[{"id":292,"href":"https:\/\/repnavpy.com.py\/index.php\/wp-json\/wp\/v2\/pages\/60\/revisions\/292"}],"wp:attachment":[{"href":"https:\/\/repnavpy.com.py\/index.php\/wp-json\/wp\/v2\/media?parent=60"}],"curies":[{"name":"wp","href":"https:\/\/api.w.org\/{rel}","templated":true}]}}