{"id":64,"date":"2025-09-17T20:12:50","date_gmt":"2025-09-17T20:12:50","guid":{"rendered":"https:\/\/repnavpy.com.py\/?page_id=64"},"modified":"2025-10-27T15:41:17","modified_gmt":"2025-10-27T18:41:17","slug":"contacto","status":"publish","type":"page","link":"https:\/\/repnavpy.com.py\/index.php\/contacto\/","title":{"rendered":"Contacto"},"content":{"rendered":"\n<div class=\"wp-block-columns is-layout-flex wp-container-core-columns-is-layout-48e9cc5b wp-block-columns-is-layout-flex\" style=\"border-style:none;border-width:0px;padding-top:var(--wp--preset--spacing--70);padding-bottom:var(--wp--preset--spacing--70)\">\n<div class=\"wp-block-column is-layout-flow wp-block-column-is-layout-flow\" style=\"flex-basis:50%\">\n<h2 class=\"wp-block-heading has-theme-palette-1-color has-text-color has-link-color has-large-font-size wp-elements-582a06ce49bbfe1606f84748cfb6b472\"><strong>P\u00f3ngase en Contacto<\/strong><\/h2>\n\n\n\n<p class=\"has-theme-palette-3-color has-text-color has-link-color has-small-font-size wp-elements-e0008a3286706cb0ffc5ed9a5f6d146a\"><em><strong>Gerente Comercial:<\/strong><\/em><br>Lic. Victor Ortega<br><br><strong><em>Tel\u00e9fono:<\/em><\/strong><br>+595 981 509 474<br><br><strong><em>Correo Electr\u00f3nico:<\/em><\/strong><br>comercial@repnavpy.com.py<br><br><strong><em>Direcci\u00f3n:<\/em><\/strong><br>Asunci\u00f3n, Ba\u00f1ado Tacumbu, 23 de Junio y San Felipe Santiago<\/p>\n<\/div>\n\n\n\n<div class=\"wp-block-column is-layout-flow wp-block-column-is-layout-flow\" style=\"flex-basis:33.33%\">\n<iframe src=\"https:\/\/www.google.com\/maps\/embed?pb=!1m18!1m12!1m3!1d763.6254300423419!2d-57.66954310009213!3d-25.311381989491814!2m3!1f0!2f0!3f0!3m2!1i1024!2i768!4f13.1!3m3!1m2!1s0x945d070008d63e8d%3A0x708c98d4584ccf28!2sASTILLERO%20REPNAVPY!5e0!3m2!1ses-419!2spy!4v1760638039064!5m2!1ses-419!2spy\" width=\"500\" height=\"300\" style=\"border:0;\" allowfullscreen=\"\" loading=\"lazy\" referrerpolicy=\"no-referrer-when-downgrade\"><\/iframe>\n<\/div>\n<\/div>\n\n\n\n<p>   <\/p>\n\n\n<style id=\"wpforms-css-vars-160-block-b2e8dcd0-70b0-41e1-b6f9-9812509f5dc5\">\n\t\t\t\t#wpforms-160.wpforms-block-b2e8dcd0-70b0-41e1-b6f9-9812509f5dc5 {\n\t\t\t\t--wpforms-label-color: var(--global-palette1);\n--wpforms-button-background-color: var(--global-palette2);\n--wpforms-field-size-input-height: 43px;\n--wpforms-field-size-input-spacing: 15px;\n--wpforms-field-size-font-size: 16px;\n--wpforms-field-size-line-height: 19px;\n--wpforms-field-size-padding-h: 14px;\n--wpforms-field-size-checkbox-size: 16px;\n--wpforms-field-size-sublabel-spacing: 5px;\n--wpforms-field-size-icon-size: 1;\n--wpforms-label-size-font-size: 16px;\n--wpforms-label-size-line-height: 19px;\n--wpforms-label-size-sublabel-font-size: 14px;\n--wpforms-label-size-sublabel-line-height: 17px;\n--wpforms-button-size-font-size: 17px;\n--wpforms-button-size-height: 41px;\n--wpforms-button-size-padding-h: 15px;\n--wpforms-button-size-margin-top: 10px;\n\t\t\t}\n\t\t\t<\/style><div class=\"wpforms-container wpforms-container-full wpforms-block wpforms-block-b2e8dcd0-70b0-41e1-b6f9-9812509f5dc5 wpforms-render-modern\" id=\"wpforms-160\"><form id=\"wpforms-form-160\" class=\"wpforms-validate wpforms-form wpforms-ajax-form\" data-formid=\"160\" method=\"post\" enctype=\"multipart\/form-data\" action=\"\/index.php\/wp-json\/wp\/v2\/pages\/64\" data-token=\"b51264f312cb6a0aa855624faf2f33d9\" data-token-time=\"1776740907\"><div class=\"wpforms-head-container\"><div class=\"wpforms-title\">D\u00e9jenos su mensaje<\/div><\/div><noscript class=\"wpforms-error-noscript\">Por favor, activa JavaScript en tu navegador para completar este formulario.<\/noscript><div id=\"wpforms-error-noscript\" style=\"display: none;\">Por favor, activa JavaScript en tu navegador para completar este formulario.<\/div><div class=\"wpforms-field-container\"><div id=\"wpforms-160-field_1-container\" class=\"wpforms-field wpforms-field-name\" data-field-id=\"1\"><fieldset><legend class=\"wpforms-field-label\">Nombre y Apellido <span class=\"wpforms-required-label\" aria-hidden=\"true\">*<\/span><\/legend><div class=\"wpforms-field-row wpforms-field-medium\"><div class=\"wpforms-field-row-block wpforms-first wpforms-one-half\"><input type=\"text\" id=\"wpforms-160-field_1\" class=\"wpforms-field-name-first wpforms-field-required\" name=\"wpforms[fields][1][first]\" aria-errormessage=\"wpforms-160-field_1-error\" required><label for=\"wpforms-160-field_1\" class=\"wpforms-field-sublabel after\">Nombre<\/label><\/div><div class=\"wpforms-field-row-block wpforms-one-half\"><input type=\"text\" id=\"wpforms-160-field_1-last\" class=\"wpforms-field-name-last wpforms-field-required\" name=\"wpforms[fields][1][last]\" aria-errormessage=\"wpforms-160-field_1-last-error\" required><label for=\"wpforms-160-field_1-last\" class=\"wpforms-field-sublabel after\">Apellidos<\/label><\/div><\/div><\/fieldset><\/div><div id=\"wpforms-160-field_2-container\" class=\"wpforms-field wpforms-field-email\" data-field-id=\"2\"><label class=\"wpforms-field-label\" for=\"wpforms-160-field_2\">Correo electr\u00f3nico <span class=\"wpforms-required-label\" aria-hidden=\"true\">*<\/span><\/label><input type=\"email\" id=\"wpforms-160-field_2\" class=\"wpforms-field-medium wpforms-field-required\" name=\"wpforms[fields][2]\" spellcheck=\"false\" aria-errormessage=\"wpforms-160-field_2-error\" required><\/div>\t\t<div id=\"wpforms-160-field_4-container\"\n\t\t\tclass=\"wpforms-field wpforms-field-text\"\n\t\t\tdata-field-type=\"text\"\n\t\t\tdata-field-id=\"4\"\n\t\t\t>\n\t\t\t<label class=\"wpforms-field-label\" for=\"wpforms-160-field_4\" >mensaje Apellido o<\/label>\n\t\t\t<input type=\"text\" id=\"wpforms-160-field_4\" class=\"wpforms-field-medium\" name=\"wpforms[fields][4]\" >\n\t\t<\/div>\n\t\t<div id=\"wpforms-160-field_5-container\" class=\"wpforms-field wpforms-field-number\" data-field-id=\"5\"><label class=\"wpforms-field-label\" for=\"wpforms-160-field_5\">N\u00famero telef\u00f3nico<\/label><input type=\"number\" id=\"wpforms-160-field_5\" class=\"wpforms-field-medium\" name=\"wpforms[fields][5]\" step=\"any\" aria-errormessage=\"wpforms-160-field_5-error\" ><\/div><div id=\"wpforms-160-field_3-container\" class=\"wpforms-field wpforms-field-textarea\" data-field-id=\"3\"><label class=\"wpforms-field-label\" for=\"wpforms-160-field_3\">Comentario o mensaje <span class=\"wpforms-required-label\" aria-hidden=\"true\">*<\/span><\/label><textarea id=\"wpforms-160-field_3\" class=\"wpforms-field-medium wpforms-field-required\" name=\"wpforms[fields][3]\" aria-errormessage=\"wpforms-160-field_3-error\" required><\/textarea><\/div><script>\n\t\t\t\t( function() {\n\t\t\t\t\tconst style = document.createElement( 'style' );\n\t\t\t\t\tstyle.appendChild( document.createTextNode( '#wpforms-160-field_4-container { position: absolute !important; overflow: hidden !important; display: inline !important; height: 1px !important; width: 1px !important; z-index: -1000 !important; padding: 0 !important; } #wpforms-160-field_4-container input { visibility: hidden; } #wpforms-conversational-form-page #wpforms-160-field_4-container label { counter-increment: none; }' ) );\n\t\t\t\t\tdocument.head.appendChild( style );\n\t\t\t\t\tdocument.currentScript?.remove();\n\t\t\t\t} )();\n\t\t\t<\/script><\/div><!-- .wpforms-field-container --><div class=\"wpforms-submit-container\" ><input type=\"hidden\" name=\"wpforms[id]\" value=\"160\"><input type=\"hidden\" name=\"page_title\" value=\"\"><input type=\"hidden\" name=\"page_url\" value=\"https:\/\/repnavpy.com.py\/index.php\/wp-json\/wp\/v2\/pages\/64\"><input type=\"hidden\" name=\"url_referer\" value=\"\"><button type=\"submit\" name=\"wpforms[submit]\" id=\"wpforms-submit-160\" class=\"wpforms-submit\" data-alt-text=\"Enviando...\" data-submit-text=\"Enviar Mensaje\" aria-live=\"assertive\" value=\"wpforms-submit\">Enviar Mensaje<\/button><img loading=\"lazy\" decoding=\"async\" src=\"https:\/\/repnavpy.com.py\/wp-content\/plugins\/wpforms-lite\/assets\/images\/submit-spin.svg\" class=\"wpforms-submit-spinner\" style=\"display: none;\" width=\"26\" height=\"26\" alt=\"Cargando\"><\/div><\/form><\/div>  <!-- .wpforms-container -->\n\n\n<p><\/p>\n","protected":false},"excerpt":{"rendered":"<p>P\u00f3ngase en Contacto Gerente Comercial:Lic. Victor Ortega Tel\u00e9fono:+595 981 509 474 Correo Electr\u00f3nico:comercial@repnavpy.com.py Direcci\u00f3n:Asunci\u00f3n, Ba\u00f1ado Tacumbu, 23 de Junio y San Felipe Santiago<\/p>\n","protected":false},"author":1,"featured_media":0,"parent":0,"menu_order":0,"comment_status":"closed","ping_status":"closed","template":"","meta":{"_kadence_starter_templates_imported_post":false,"_kad_post_transparent":"default","_kad_post_title":"default","_kad_post_layout":"default","_kad_post_sidebar_id":"","_kad_post_content_style":"default","_kad_post_vertical_padding":"default","_kad_post_feature":"","_kad_post_feature_position":"","_kad_post_header":false,"_kad_post_footer":false,"footnotes":""},"class_list":["post-64","page","type-page","status-publish","hentry"],"_links":{"self":[{"href":"https:\/\/repnavpy.com.py\/index.php\/wp-json\/wp\/v2\/pages\/64","targetHints":{"allow":["GET"]}}],"collection":[{"href":"https:\/\/repnavpy.com.py\/index.php\/wp-json\/wp\/v2\/pages"}],"about":[{"href":"https:\/\/repnavpy.com.py\/index.php\/wp-json\/wp\/v2\/types\/page"}],"author":[{"embeddable":true,"href":"https:\/\/repnavpy.com.py\/index.php\/wp-json\/wp\/v2\/users\/1"}],"replies":[{"embeddable":true,"href":"https:\/\/repnavpy.com.py\/index.php\/wp-json\/wp\/v2\/comments?post=64"}],"version-history":[{"count":7,"href":"https:\/\/repnavpy.com.py\/index.php\/wp-json\/wp\/v2\/pages\/64\/revisions"}],"predecessor-version":[{"id":258,"href":"https:\/\/repnavpy.com.py\/index.php\/wp-json\/wp\/v2\/pages\/64\/revisions\/258"}],"wp:attachment":[{"href":"https:\/\/repnavpy.com.py\/index.php\/wp-json\/wp\/v2\/media?parent=64"}],"curies":[{"name":"wp","href":"https:\/\/api.w.org\/{rel}","templated":true}]}}